{"id":27865,"date":"2022-04-16T11:17:23","date_gmt":"2022-04-16T11:17:23","guid":{"rendered":"https:\/\/myrob.com.tr\/fikstur-muhendisligi\/"},"modified":"2023-05-09T12:37:42","modified_gmt":"2023-05-09T12:37:42","slug":"fixture-engineering","status":"publish","type":"page","link":"https:\/\/myrob.com.tr\/en\/fixture-engineering\/","title":{"rendered":"Fixture Engineering"},"content":{"rendered":"\t\t<div data-elementor-type=\"wp-page\" data-elementor-id=\"27865\" class=\"elementor elementor-27865\">\n\t\t\t\t\t\t<section class=\"elementor-section elementor-top-section elementor-element elementor-element-def7d29 elementor-section-boxed elementor-section-height-default elementor-section-height-default\" data-id=\"def7d29\" data-element_type=\"section\" data-settings=\"{&quot;background_background&quot;:&quot;classic&quot;}\">\r\n\t\t\t\t\t\t<div class=\"elementor-container elementor-column-gap-thegem\"><div class=\"elementor-row\">\r\n\t\t\t\t\t<div class=\"elementor-column elementor-col-100 elementor-top-column elementor-element elementor-element-9835ce2\" data-id=\"9835ce2\" data-element_type=\"column\">\n\t\t\t<div class=\"elementor-widget-wrap elementor-element-populated\">\n\t\t\t\t\t\t<div class=\"elementor-element elementor-element-9e6df2e flex-horizontal-align-default flex-horizontal-align-tablet-default flex-horizontal-align-mobile-default flex-vertical-align-default flex-vertical-align-tablet-default flex-vertical-align-mobile-default elementor-widget elementor-widget-thegem-animated-heading\" data-id=\"9e6df2e\" data-element_type=\"widget\" data-widget_type=\"thegem-animated-heading.default\">\n\t\t\t\t<div class=\"elementor-widget-container\">\n\t\t\t\t\t<h1 class=\"thegem-heading thegem-animated-heading title-h1 thegem-heading-animate lines-slide-up\" id=\"thegem-heading-9e6df2e\" data-animation-name=\"lines-slide-up\" data-animation-interval=\"80\"><span class=\"thegem-heading-word\">\"Good<\/span> <span class=\"thegem-heading-word\">Design\"<\/span> <span class=\"thegem-heading-word\">Welding<\/span> <span class=\"thegem-heading-word\">Fixtures<\/span> <span class=\"thegem-heading-word\">Specific<\/span> <span class=\"thegem-heading-word\">to<\/span> <span class=\"thegem-heading-word\">Your<\/span> <span class=\"thegem-heading-word\">Workpiece<\/span><\/h1><style type=\"text\/css\">#thegem-heading-9e6df2e {margin: 0;}#thegem-heading-9e6df2e {margin-left: auto; margin-right: auto;}#thegem-heading-9e6df2e > * {justify-content: center;}<\/style>\t\t\t\t<\/div>\n\t\t\t\t<\/div>\n\t\t\t\t<div class=\"elementor-element elementor-element-a6e8c74 flex-horizontal-align-default flex-horizontal-align-tablet-default flex-horizontal-align-mobile-default flex-vertical-align-default flex-vertical-align-tablet-default flex-vertical-align-mobile-default elementor-widget elementor-widget-text-editor\" data-id=\"a6e8c74\" data-element_type=\"widget\" data-widget_type=\"text-editor.default\">\n\t\t\t\t<div class=\"elementor-widget-container\">\n\t\t\t\t\t\t\t\t\t\t\t\t<div class=\"elementor-text-editor elementor-clearfix\">\r\n\t\t\t\t\t\t<p>Fixtures in robotic welding systems are one of the necessary complementary equipment for the continuous and trouble-free operation of the system. MYRob does not leave its customers alone in this regard and offers turnkey solutions that include all peripheral equipment, including welding fixtures.<\/p><p><br \/>The most important equipment that makes up a welding cell is the \u201cFixture\u201d. It is also commonly referred to as \u201cJig\u201d or \u201cApparatus\u201d. These structures, which ensure that the part to be welded is always positioned in the same place on a positioner or table structure, can be manual or pneumatic according to the system needs.<\/p><p><br \/>Robotic fixture designs are more complicated than manual fixtures and the robot, welding and automation knowledge and experience of the company or person who will design those fixtures is the basis of the success of the robotic welding system.<\/p><p><br \/>MYRob forecasts all the problems to be encountered in production with its expert and experienced team during the design phase and produces \u201cgood design\u201d fixtures.<\/p>\t\t\t\t\t\t\t<\/div>\r\n\t\t\t\t\t\t\t\t\t\t<\/div>\n\t\t\t\t<\/div>\n\t\t\t\t\t<\/div>\n\t\t<\/div>\n\t\t\t\t\t<\/div><\/div>\r\n\t\t<\/section>\r\n\t\t\t\t<section class=\"elementor-section elementor-top-section elementor-element elementor-element-4dc331d elementor-section-boxed elementor-section-height-default elementor-section-height-default\" data-id=\"4dc331d\" data-element_type=\"section\" data-settings=\"{&quot;background_background&quot;:&quot;classic&quot;}\">\r\n\t\t\t\t\t\t<div class=\"elementor-container elementor-column-gap-thegem\"><div class=\"elementor-row\">\r\n\t\t\t\t\t<div class=\"elementor-column elementor-col-100 elementor-top-column elementor-element elementor-element-eb2b488\" data-id=\"eb2b488\" data-element_type=\"column\">\n\t\t\t<div class=\"elementor-widget-wrap elementor-element-populated\">\n\t\t\t\t\t\t<div class=\"elementor-element elementor-element-87b2e44 flex-horizontal-align-default flex-horizontal-align-tablet-default flex-horizontal-align-mobile-default flex-vertical-align-default flex-vertical-align-tablet-default flex-vertical-align-mobile-default elementor-widget elementor-widget-thegem-animated-heading\" data-id=\"87b2e44\" data-element_type=\"widget\" data-widget_type=\"thegem-animated-heading.default\">\n\t\t\t\t<div class=\"elementor-widget-container\">\n\t\t\t\t\t<h1 class=\"thegem-heading thegem-animated-heading title-h1 thegem-heading-animate lines-slide-up\" id=\"thegem-heading-87b2e44\" data-animation-name=\"lines-slide-up\" data-animation-interval=\"80\"><span class=\"thegem-heading-word\">Pneumatic<\/span> <span class=\"thegem-heading-word\">Fixture<\/span> <span class=\"thegem-heading-word\">Applications<\/span><\/h1><style type=\"text\/css\">#thegem-heading-87b2e44 {margin: 0;}#thegem-heading-87b2e44 {margin-left: auto; margin-right: auto;}#thegem-heading-87b2e44 > * {justify-content: center;}<\/style>\t\t\t\t<\/div>\n\t\t\t\t<\/div>\n\t\t\t\t<section class=\"elementor-section elementor-inner-section elementor-element elementor-element-5ae94e6 elementor-section-boxed elementor-section-height-default elementor-section-height-default\" data-id=\"5ae94e6\" data-element_type=\"section\">\r\n\t\t\t\t\t\t<div class=\"elementor-container elementor-column-gap-thegem\"><div class=\"elementor-row\">\r\n\t\t\t\t\t<div class=\"elementor-column elementor-col-100 elementor-inner-column elementor-element elementor-element-34ded23\" data-id=\"34ded23\" data-element_type=\"column\">\n\t\t\t<div class=\"elementor-widget-wrap elementor-element-populated\">\n\t\t\t\t\t\t<div class=\"elementor-element elementor-element-2040355 flex-horizontal-align-default flex-horizontal-align-tablet-default flex-horizontal-align-mobile-default flex-vertical-align-default flex-vertical-align-tablet-default flex-vertical-align-mobile-default elementor-widget elementor-widget-thegem-gallery-slider\" data-id=\"2040355\" data-element_type=\"widget\" data-widget_type=\"thegem-gallery-slider.default\">\n\t\t\t\t<div class=\"elementor-widget-container\">\n\t\t\t\t\t\n\t\t<div class=\"preloader\">\n\t\t\t<div class=\"preloader-spin\"><\/div>\n\t\t<\/div>\n\t\t<div class=\"gem-gallery gem-gallery-hover-horizontal-sliding  \" data-autoscroll=\"3000\">\n\t\t\t\t\t\t\t\n<div class=\"gem-gallery-item\">\n\t<div class=\"gem-gallery-item-image\">\n\t\t<a href=\"https:\/\/myrob.com.tr\/wp-content\/uploads\/2022\/09\/pnomatik-fikstur-uygulamasi-6-thegem-gallery-sidebar.png\"\n\t\t\tdata-full-image-url=\"https:\/\/myrob.com.tr\/wp-content\/uploads\/2022\/09\/pnomatik-fikstur-uygulamasi-6.png\"\n\t\t\tdata-elementor-open-lightbox=\"no\"\n\t\t\tdata-fancybox=\"gallery-6a04e5ac57fa0\">\n\t\t\t<svg class=\"arrow-mark\" width=\"20\" height=\"10\">\n\t\t\t\t<path d=\"M 0,10 Q 9,9 10,0 Q 11,9 20,10\"\/>\n\t\t\t<\/svg>\n\t\t\t<img src=\"https:\/\/myrob.com.tr\/wp-content\/uploads\/2022\/09\/pnomatik-fikstur-uygulamasi-6-thegem-post-thumb-small.png\"\n\t\t\t\t alt=\"pn\u00f6matik-fikst\u00fcr-uygulamasi-6\" class=\"img-responsive\">\n\t\t\t<span class=\"gem-gallery-caption slide-info\">\n\t\t\t\t<span class=\"gem-gallery-item-title \">\n\t\t\t\t\t<b style=\"color:#E30613\">INDUSTRY:<\/b> AUTOMOTIVE T1<br \/> <b style=\"color:#E30613\">WORKPIECE:<\/b> RADIATOR BOILER\t\t\t\t<\/span>\n\t\t\t\t<span class=\"gem-gallery-item-description\">\n\t\t\t\t\t<b style=\"color:#E30613\">Feature:<\/b> Adjustable fixture structure for boilers of various sizes and diameters.\t\t\t\t<\/span>\n\t\t\t<\/span>\n\t\t\t\t\t\t\t\t<\/a>\n\t<\/div>\n<\/div>\n\n\t\t\t\t\t\t\t\t\t\t\t\n<div class=\"gem-gallery-item\">\n\t<div class=\"gem-gallery-item-image\">\n\t\t<a href=\"https:\/\/myrob.com.tr\/wp-content\/uploads\/2022\/09\/fikstur-3-thegem-gallery-sidebar.png\"\n\t\t\tdata-full-image-url=\"https:\/\/myrob.com.tr\/wp-content\/uploads\/2022\/09\/fikstur-3.png\"\n\t\t\tdata-elementor-open-lightbox=\"no\"\n\t\t\tdata-fancybox=\"gallery-6a04e5ac57fa0\">\n\t\t\t<svg class=\"arrow-mark\" width=\"20\" height=\"10\">\n\t\t\t\t<path d=\"M 0,10 Q 9,9 10,0 Q 11,9 20,10\"\/>\n\t\t\t<\/svg>\n\t\t\t<img src=\"https:\/\/myrob.com.tr\/wp-content\/uploads\/2022\/09\/fikstur-3-thegem-post-thumb-small.png\"\n\t\t\t\t alt=\"fikst\u00fcr (3)\" class=\"img-responsive\">\n\t\t\t<span class=\"gem-gallery-caption slide-info\">\n\t\t\t\t<span class=\"gem-gallery-item-title \">\n\t\t\t\t\t<b style=\"color:#E30613\">INDUSTRY:<\/b> CONSTRUCTION OEM<br \/> <b style=\"color:#E30613\">WORKPIECE:<\/b> MOLD PANEL\t\t\t\t<\/span>\n\t\t\t\t<span class=\"gem-gallery-item-description\">\n\t\t\t\t\t<b style=\"color:#E30613\">Feature:<\/b> Adjustable fixture structure for various panel sizes.\t\t\t\t<\/span>\n\t\t\t<\/span>\n\t\t\t\t\t\t\t\t<\/a>\n\t<\/div>\n<\/div>\n\n\t\t\t\t\t\t\t\t\t\t\t\n<div class=\"gem-gallery-item\">\n\t<div class=\"gem-gallery-item-image\">\n\t\t<a href=\"https:\/\/myrob.com.tr\/wp-content\/uploads\/2022\/09\/fikstur-2-thegem-gallery-sidebar.png\"\n\t\t\tdata-full-image-url=\"https:\/\/myrob.com.tr\/wp-content\/uploads\/2022\/09\/fikstur-2.png\"\n\t\t\tdata-elementor-open-lightbox=\"no\"\n\t\t\tdata-fancybox=\"gallery-6a04e5ac57fa0\">\n\t\t\t<svg class=\"arrow-mark\" width=\"20\" height=\"10\">\n\t\t\t\t<path d=\"M 0,10 Q 9,9 10,0 Q 11,9 20,10\"\/>\n\t\t\t<\/svg>\n\t\t\t<img src=\"https:\/\/myrob.com.tr\/wp-content\/uploads\/2022\/09\/fikstur-2-thegem-post-thumb-small.png\"\n\t\t\t\t alt=\"fikst\u00fcr (2)\" class=\"img-responsive\">\n\t\t\t<span class=\"gem-gallery-caption slide-info\">\n\t\t\t\t<span class=\"gem-gallery-item-title \">\n\t\t\t\t\t<b style=\"color:#E30613\">INDUSTRY:<\/b> STORAGE<br \/> <b style=\"color:#E30613\">WORKPIECE:<\/b> SHELF TRAVERSE\t\t\t\t<\/span>\n\t\t\t\t<span class=\"gem-gallery-item-description\">\n\t\t\t\t\t<b style=\"color:#E30613\">Feature:<\/b> Interchangeable fixture structure that can produce all types of sleepers and fittings\t\t\t\t<\/span>\n\t\t\t<\/span>\n\t\t\t\t\t\t\t\t<\/a>\n\t<\/div>\n<\/div>\n\n\t\t\t\t\t\t\t\t\t\t\t\n<div class=\"gem-gallery-item\">\n\t<div class=\"gem-gallery-item-image\">\n\t\t<a href=\"\"\n\t\t\tdata-full-image-url=\"\"\n\t\t\tdata-elementor-open-lightbox=\"no\"\n\t\t\tdata-fancybox=\"gallery-6a04e5ac57fa0\">\n\t\t\t<svg class=\"arrow-mark\" width=\"20\" height=\"10\">\n\t\t\t\t<path d=\"M 0,10 Q 9,9 10,0 Q 11,9 20,10\"\/>\n\t\t\t<\/svg>\n\t\t\t<img src=\"\"\n\t\t\t\t alt=\"\" class=\"img-responsive\">\n\t\t\t<span class=\"gem-gallery-caption slide-info\">\n\t\t\t\t<span class=\"gem-gallery-item-title \">\n\t\t\t\t\t<b style=\"color:#E30613\">INDUSTRY:<\/b>CONSTRUCTION MACHINE OEM<br \/> <b style=\"color:#E30613\">WORKPIECE:<\/b>CONSTRUCTION MACHINE CHASSIS PART\t\t\t\t<\/span>\n\t\t\t\t<span class=\"gem-gallery-item-description\">\n\t\t\t\t\t<b style=\"color:#E30613\">Feature:<\/b>Bunker part mechanical clamping apparatus.\t\t\t\t<\/span>\n\t\t\t<\/span>\n\t\t\t\t\t\t\t\t<\/a>\n\t<\/div>\n<\/div>\n\n\t\t\t\t\t\t\t\t\t\t\t\n<div class=\"gem-gallery-item\">\n\t<div class=\"gem-gallery-item-image\">\n\t\t<a href=\"https:\/\/myrob.com.tr\/wp-content\/uploads\/2022\/10\/Robotik-Kaynak-Fiksturu-ve-Proses-Devreye-Alma-Traktor-Egzos-thegem-gallery-sidebar.jpg\"\n\t\t\tdata-full-image-url=\"https:\/\/myrob.com.tr\/wp-content\/uploads\/2022\/10\/Robotik-Kaynak-Fiksturu-ve-Proses-Devreye-Alma-Traktor-Egzos.jpg\"\n\t\t\tdata-elementor-open-lightbox=\"no\"\n\t\t\tdata-fancybox=\"gallery-6a04e5ac57fa0\">\n\t\t\t<svg class=\"arrow-mark\" width=\"20\" height=\"10\">\n\t\t\t\t<path d=\"M 0,10 Q 9,9 10,0 Q 11,9 20,10\"\/>\n\t\t\t<\/svg>\n\t\t\t<img src=\"https:\/\/myrob.com.tr\/wp-content\/uploads\/2022\/10\/Robotik-Kaynak-Fiksturu-ve-Proses-Devreye-Alma-Traktor-Egzos-thegem-post-thumb-small.jpg\"\n\t\t\t\t alt=\"Robotik Kaynak Fikst\u00fcr\u00fc ve Proses Devreye Alma Trakt\u00f6r Egzos\" class=\"img-responsive\">\n\t\t\t<span class=\"gem-gallery-caption slide-info\">\n\t\t\t\t<span class=\"gem-gallery-item-title \">\n\t\t\t\t\t<b style=\"color:#E30613\">INDUSTRY:<\/b>AUTOMOTIVE T1<br \/> <b style=\"color:#E30613\">WORKPIECE:<\/b>TRACTOR EXHAUST\t\t\t\t<\/span>\n\t\t\t\t<span class=\"gem-gallery-item-description\">\n\t\t\t\t\t<b style=\"color:#E30613\">Feature:<\/b>Pneumatic gas arc welding fixtures.\t\t\t\t<\/span>\n\t\t\t<\/span>\n\t\t\t\t\t\t\t\t<\/a>\n\t<\/div>\n<\/div>\n\n\t\t\t\t\t\t\t\t\t\t\t\n<div class=\"gem-gallery-item\">\n\t<div class=\"gem-gallery-item-image\">\n\t\t<a href=\"https:\/\/myrob.com.tr\/wp-content\/uploads\/2022\/10\/Anahtar-Teslim-Robotik-Kaynak-Hucresi-Otomotiv-Yakit-Klima-Tesisat-1-thegem-gallery-sidebar.jpg\"\n\t\t\tdata-full-image-url=\"https:\/\/myrob.com.tr\/wp-content\/uploads\/2022\/10\/Anahtar-Teslim-Robotik-Kaynak-Hucresi-Otomotiv-Yakit-Klima-Tesisat-1.jpg\"\n\t\t\tdata-elementor-open-lightbox=\"no\"\n\t\t\tdata-fancybox=\"gallery-6a04e5ac57fa0\">\n\t\t\t<svg class=\"arrow-mark\" width=\"20\" height=\"10\">\n\t\t\t\t<path d=\"M 0,10 Q 9,9 10,0 Q 11,9 20,10\"\/>\n\t\t\t<\/svg>\n\t\t\t<img src=\"https:\/\/myrob.com.tr\/wp-content\/uploads\/2022\/10\/Anahtar-Teslim-Robotik-Kaynak-Hucresi-Otomotiv-Yakit-Klima-Tesisat-1-thegem-post-thumb-small.jpg\"\n\t\t\t\t alt=\"Anahtar Teslim Robotik Kaynak H\u00fccresi Otomotiv Yak\u0131t Klima Tesisat\" class=\"img-responsive\">\n\t\t\t<span class=\"gem-gallery-caption slide-info\">\n\t\t\t\t<span class=\"gem-gallery-item-title \">\n\t\t\t\t\t<b style=\"color:#E30613\">INDUSTRY:<\/b> AUTOMOTIVE T1<br \/> <b style=\"color:#E30613\">WORKPIECE:<\/b> AUTOMOTIVE FUEL\/AIR CONDITIONING INSTALLATION\t\t\t\t<\/span>\n\t\t\t\t<span class=\"gem-gallery-item-description\">\n\t\t\t\t\t<b style=\"color:#E30613\">Feature:<\/b>Mechanical and pneumatic gas arc welding fixtures.\t\t\t\t<\/span>\n\t\t\t<\/span>\n\t\t\t\t\t\t\t\t<\/a>\n\t<\/div>\n<\/div>\n\n\t\t\t\t\t\t\t\t\t\t\t\n<div class=\"gem-gallery-item\">\n\t<div class=\"gem-gallery-item-image\">\n\t\t<a href=\"https:\/\/myrob.com.tr\/wp-content\/uploads\/2022\/09\/pnomatik-fikstur-uygulamasi-7-thegem-gallery-sidebar.png\"\n\t\t\tdata-full-image-url=\"https:\/\/myrob.com.tr\/wp-content\/uploads\/2022\/09\/pnomatik-fikstur-uygulamasi-7.png\"\n\t\t\tdata-elementor-open-lightbox=\"no\"\n\t\t\tdata-fancybox=\"gallery-6a04e5ac57fa0\">\n\t\t\t<svg class=\"arrow-mark\" width=\"20\" height=\"10\">\n\t\t\t\t<path d=\"M 0,10 Q 9,9 10,0 Q 11,9 20,10\"\/>\n\t\t\t<\/svg>\n\t\t\t<img src=\"https:\/\/myrob.com.tr\/wp-content\/uploads\/2022\/09\/pnomatik-fikstur-uygulamasi-7-thegem-post-thumb-small.png\"\n\t\t\t\t alt=\"pn\u00f6matik-fikst\u00fcr-uygulamasi-7\" class=\"img-responsive\">\n\t\t\t<span class=\"gem-gallery-caption slide-info\">\n\t\t\t\t<span class=\"gem-gallery-item-title \">\n\t\t\t\t\t<b style=\"color:#E30613\">INDUSTRY:<\/b> AUTOMOTIVE T1<br \/> <b style=\"color:#E30613\">WORKPIECE:<\/b> AUTOMOTIVE SEAT BACK\t\t\t\t<\/span>\n\t\t\t\t<span class=\"gem-gallery-item-description\">\n\t\t\t\t\t<b style=\"color:#E30613\">Feature:<\/b> Driver and side seat welding fixture.\t\t\t\t<\/span>\n\t\t\t<\/span>\n\t\t\t\t\t\t\t\t<\/a>\n\t<\/div>\n<\/div>\n\n\t\t\t\t\t\t\t\t\t\t\t\n<div class=\"gem-gallery-item\">\n\t<div class=\"gem-gallery-item-image\">\n\t\t<a href=\"https:\/\/myrob.com.tr\/wp-content\/uploads\/2022\/10\/Robotik-Kaynak-Fiksturu-ve-Proses-Devreye-Alma-Otomotiv-Sase-Parcasi-2-thegem-gallery-sidebar.jpg\"\n\t\t\tdata-full-image-url=\"https:\/\/myrob.com.tr\/wp-content\/uploads\/2022\/10\/Robotik-Kaynak-Fiksturu-ve-Proses-Devreye-Alma-Otomotiv-Sase-Parcasi-2.jpg\"\n\t\t\tdata-elementor-open-lightbox=\"no\"\n\t\t\tdata-fancybox=\"gallery-6a04e5ac57fa0\">\n\t\t\t<svg class=\"arrow-mark\" width=\"20\" height=\"10\">\n\t\t\t\t<path d=\"M 0,10 Q 9,9 10,0 Q 11,9 20,10\"\/>\n\t\t\t<\/svg>\n\t\t\t<img src=\"https:\/\/myrob.com.tr\/wp-content\/uploads\/2022\/10\/Robotik-Kaynak-Fiksturu-ve-Proses-Devreye-Alma-Otomotiv-Sase-Parcasi-2-thegem-post-thumb-small.jpg\"\n\t\t\t\t alt=\"Robotik Kaynak Fikst\u00fcr\u00fc ve Proses Devreye Alma Otomotiv \u015ease Par\u00e7as\u0131 2\" class=\"img-responsive\">\n\t\t\t<span class=\"gem-gallery-caption slide-info\">\n\t\t\t\t<span class=\"gem-gallery-item-title \">\n\t\t\t\t\t<b style=\"color:#E30613\">INDUSTRY:<\/b> AUTOMOTIVE T1<br \/> <b style=\"color:#E30613\">WORKPIECE:<\/b> AUTOMOTIVE FRAME PART\t\t\t\t<\/span>\n\t\t\t\t<span class=\"gem-gallery-item-description\">\n\t\t\t\t\t<b style=\"color:#E30613\">Feature:<\/b>Spot welding and rivet welding fixtures.\t\t\t\t<\/span>\n\t\t\t<\/span>\n\t\t\t\t\t\t\t\t<\/a>\n\t<\/div>\n<\/div>\n\n\t\t\t\t\t\t\t\t\t\t\t\n<div class=\"gem-gallery-item\">\n\t<div class=\"gem-gallery-item-image\">\n\t\t<a href=\"https:\/\/myrob.com.tr\/wp-content\/uploads\/2022\/10\/Robotik-Kaynak-Fiksturu-Traktor-Egzos-1-thegem-gallery-sidebar.jpg\"\n\t\t\tdata-full-image-url=\"https:\/\/myrob.com.tr\/wp-content\/uploads\/2022\/10\/Robotik-Kaynak-Fiksturu-Traktor-Egzos-1.jpg\"\n\t\t\tdata-elementor-open-lightbox=\"no\"\n\t\t\tdata-fancybox=\"gallery-6a04e5ac57fa0\">\n\t\t\t<svg class=\"arrow-mark\" width=\"20\" height=\"10\">\n\t\t\t\t<path d=\"M 0,10 Q 9,9 10,0 Q 11,9 20,10\"\/>\n\t\t\t<\/svg>\n\t\t\t<img src=\"https:\/\/myrob.com.tr\/wp-content\/uploads\/2022\/10\/Robotik-Kaynak-Fiksturu-Traktor-Egzos-1-thegem-post-thumb-small.jpg\"\n\t\t\t\t alt=\"Robotik Kaynak Fikst\u00fcr\u00fc Trakt\u00f6r Egzos\" class=\"img-responsive\">\n\t\t\t<span class=\"gem-gallery-caption slide-info\">\n\t\t\t\t<span class=\"gem-gallery-item-title \">\n\t\t\t\t\t<b style=\"color:#E30613\">INDUSTRY:<\/b> AUTOMOTIVE T1<br \/> <b style=\"color:#E30613\">WORKPIECE:<\/b>TRACTOR EXHAUST\t\t\t\t<\/span>\n\t\t\t\t<span class=\"gem-gallery-item-description\">\n\t\t\t\t\t<b style=\"color:#E30613\">Feature:<\/b>Pneumatic gas arc welding fixtures.\t\t\t\t<\/span>\n\t\t\t<\/span>\n\t\t\t\t\t\t\t\t<\/a>\n\t<\/div>\n<\/div>\n\n\t\t\t\t\t\t\t\t\t\t\t\n<div class=\"gem-gallery-item\">\n\t<div class=\"gem-gallery-item-image\">\n\t\t<a href=\"https:\/\/myrob.com.tr\/wp-content\/uploads\/2022\/10\/Fikstur-ve-Proses-Devreye-Alma-Otomotiv-Yakit-Klima-Tesisat-thegem-gallery-sidebar.jpg\"\n\t\t\tdata-full-image-url=\"https:\/\/myrob.com.tr\/wp-content\/uploads\/2022\/10\/Fikstur-ve-Proses-Devreye-Alma-Otomotiv-Yakit-Klima-Tesisat.jpg\"\n\t\t\tdata-elementor-open-lightbox=\"no\"\n\t\t\tdata-fancybox=\"gallery-6a04e5ac57fa0\">\n\t\t\t<svg class=\"arrow-mark\" width=\"20\" height=\"10\">\n\t\t\t\t<path d=\"M 0,10 Q 9,9 10,0 Q 11,9 20,10\"\/>\n\t\t\t<\/svg>\n\t\t\t<img src=\"https:\/\/myrob.com.tr\/wp-content\/uploads\/2022\/10\/Fikstur-ve-Proses-Devreye-Alma-Otomotiv-Yakit-Klima-Tesisat-thegem-post-thumb-small.jpg\"\n\t\t\t\t alt=\"Fikst\u00fcr ve Proses Devreye Alma Otomotiv Yak\u0131t Klima Tesisat\" class=\"img-responsive\">\n\t\t\t<span class=\"gem-gallery-caption slide-info\">\n\t\t\t\t<span class=\"gem-gallery-item-title \">\n\t\t\t\t\t<b style=\"color:#E30613\">INDUSTRY:<\/b> AUTOMOTIVE T1<br \/> <b style=\"color:#E30613\">WORKPIECE:<\/b> AUTOMOTIVE FUEL\/AIR CONDITIONING INSTALLATION\t\t\t\t<\/span>\n\t\t\t\t<span class=\"gem-gallery-item-description\">\n\t\t\t\t\t<b style=\"color:#E30613\">Feature:<\/b>Spot welding with pneumatic cylinder.\t\t\t\t<\/span>\n\t\t\t<\/span>\n\t\t\t\t\t\t\t\t<\/a>\n\t<\/div>\n<\/div>\n\n\t\t\t\t\t\t\t\t\t\t\t\n<div class=\"gem-gallery-item\">\n\t<div class=\"gem-gallery-item-image\">\n\t\t<a href=\"https:\/\/myrob.com.tr\/wp-content\/uploads\/2022\/10\/Robotik-Kaynak-Fiksturu-ve-Proses-Devreye-Alma-Otomotiv-Sase-Parcasi-thegem-gallery-sidebar.jpg\"\n\t\t\tdata-full-image-url=\"https:\/\/myrob.com.tr\/wp-content\/uploads\/2022\/10\/Robotik-Kaynak-Fiksturu-ve-Proses-Devreye-Alma-Otomotiv-Sase-Parcasi.jpg\"\n\t\t\tdata-elementor-open-lightbox=\"no\"\n\t\t\tdata-fancybox=\"gallery-6a04e5ac57fa0\">\n\t\t\t<svg class=\"arrow-mark\" width=\"20\" height=\"10\">\n\t\t\t\t<path d=\"M 0,10 Q 9,9 10,0 Q 11,9 20,10\"\/>\n\t\t\t<\/svg>\n\t\t\t<img src=\"https:\/\/myrob.com.tr\/wp-content\/uploads\/2022\/10\/Robotik-Kaynak-Fiksturu-ve-Proses-Devreye-Alma-Otomotiv-Sase-Parcasi-thegem-post-thumb-small.jpg\"\n\t\t\t\t alt=\"Robotik Kaynak Fikst\u00fcr\u00fc ve Proses Devreye Alma Otomotiv \u015ease Par\u00e7as\u0131\" class=\"img-responsive\">\n\t\t\t<span class=\"gem-gallery-caption slide-info\">\n\t\t\t\t<span class=\"gem-gallery-item-title \">\n\t\t\t\t\t<b style=\"color:#E30613\">INDUSTRY:<\/b> AUTOMOTIVE T1<br \/> <b style=\"color:#E30613\">WORKPIECE:<\/b> AUTOMOTIVE FRAME PART\t\t\t\t<\/span>\n\t\t\t\t<span class=\"gem-gallery-item-description\">\n\t\t\t\t\t<b style=\"color:#E30613\">Feature:<\/b>Adjustable spot welding fixture for workpieces of various sizes.\t\t\t\t<\/span>\n\t\t\t<\/span>\n\t\t\t\t\t\t\t\t<\/a>\n\t<\/div>\n<\/div>\n\n\t\t\t\t\t\t\t\t\t<\/div>\n\t\t\t\t\t\t<\/div>\n\t\t\t\t<\/div>\n\t\t\t\t\t<\/div>\n\t\t<\/div>\n\t\t\t\t\t<\/div><\/div>\r\n\t\t<\/section>\r\n\t\t\t\t\t<\/div>\n\t\t<\/div>\n\t\t\t\t\t<\/div><\/div>\r\n\t\t<\/section>\r\n\t\t\t\t<section class=\"elementor-section elementor-top-section elementor-element elementor-element-db6b26e elementor-hidden-desktop elementor-hidden-tablet elementor-hidden-mobile elementor-section-boxed elementor-section-height-default elementor-section-height-default\" data-id=\"db6b26e\" data-element_type=\"section\" data-settings=\"{&quot;background_background&quot;:&quot;classic&quot;}\">\r\n\t\t\t\t\t\t<div class=\"elementor-container elementor-column-gap-thegem\"><div class=\"elementor-row\">\r\n\t\t\t\t\t<div class=\"elementor-column elementor-col-100 elementor-top-column elementor-element elementor-element-7b7fcca\" data-id=\"7b7fcca\" data-element_type=\"column\">\n\t\t\t<div class=\"elementor-widget-wrap elementor-element-populated\">\n\t\t\t\t\t\t<div class=\"elementor-element elementor-element-3e2dc73 flex-horizontal-align-default flex-horizontal-align-tablet-default flex-horizontal-align-mobile-default flex-vertical-align-default flex-vertical-align-tablet-default flex-vertical-align-mobile-default elementor-widget elementor-widget-thegem-animated-heading\" data-id=\"3e2dc73\" data-element_type=\"widget\" data-widget_type=\"thegem-animated-heading.default\">\n\t\t\t\t<div class=\"elementor-widget-container\">\n\t\t\t\t\t<h1 class=\"thegem-heading thegem-animated-heading title-h1 thegem-heading-animate lines-slide-up\" id=\"thegem-heading-3e2dc73\" data-animation-name=\"lines-slide-up\" data-animation-interval=\"80\"><span class=\"thegem-heading-word\">Mekanik<\/span> <span class=\"thegem-heading-word\">Fikst\u00fcr<\/span> <span class=\"thegem-heading-word\">Uygulamalar\u0131<\/span><\/h1><style type=\"text\/css\">#thegem-heading-3e2dc73 {margin: 0;}#thegem-heading-3e2dc73 {margin-left: auto; margin-right: auto;}#thegem-heading-3e2dc73 > * {justify-content: center;}<\/style>\t\t\t\t<\/div>\n\t\t\t\t<\/div>\n\t\t\t\t<section class=\"elementor-section elementor-inner-section elementor-element elementor-element-344914e elementor-section-boxed elementor-section-height-default elementor-section-height-default\" data-id=\"344914e\" data-element_type=\"section\">\r\n\t\t\t\t\t\t<div class=\"elementor-container elementor-column-gap-thegem\"><div class=\"elementor-row\">\r\n\t\t\t\t\t<div class=\"elementor-column elementor-col-100 elementor-inner-column elementor-element elementor-element-3186193\" data-id=\"3186193\" data-element_type=\"column\">\n\t\t\t<div class=\"elementor-widget-wrap\">\n\t\t\t\t\t\t\t<\/div>\n\t\t<\/div>\n\t\t\t\t\t<\/div><\/div>\r\n\t\t<\/section>\r\n\t\t\t\t\t<\/div>\n\t\t<\/div>\n\t\t\t\t\t<\/div><\/div>\r\n\t\t<\/section>\r\n\t\t\t\t<\/div>\n\t\t","protected":false},"excerpt":{"rendered":"<p>&#8220;Good Design&#8221; Welding Fixtures Specific to Your Workpiece Fixtures in robotic welding systems are one of the necessary complementary equipment&#8230;<\/p>\n","protected":false},"author":3,"featured_media":0,"parent":0,"menu_order":13,"comment_status":"closed","ping_status":"closed","template":"page-fullwidth.php","meta":{"footnotes":""},"class_list":["post-27865","page","type-page","status-publish"],"_links":{"self":[{"href":"https:\/\/myrob.com.tr\/en\/wp-json\/wp\/v2\/pages\/27865","targetHints":{"allow":["GET"]}}],"collection":[{"href":"https:\/\/myrob.com.tr\/en\/wp-json\/wp\/v2\/pages"}],"about":[{"href":"https:\/\/myrob.com.tr\/en\/wp-json\/wp\/v2\/types\/page"}],"author":[{"embeddable":true,"href":"https:\/\/myrob.com.tr\/en\/wp-json\/wp\/v2\/users\/3"}],"replies":[{"embeddable":true,"href":"https:\/\/myrob.com.tr\/en\/wp-json\/wp\/v2\/comments?post=27865"}],"version-history":[{"count":0,"href":"https:\/\/myrob.com.tr\/en\/wp-json\/wp\/v2\/pages\/27865\/revisions"}],"wp:attachment":[{"href":"https:\/\/myrob.com.tr\/en\/wp-json\/wp\/v2\/media?parent=27865"}],"curies":[{"name":"wp","href":"https:\/\/api.w.org\/{rel}","templated":true}]}}